{"id":1489,"date":"2025-04-01T13:27:08","date_gmt":"2025-04-01T10:27:08","guid":{"rendered":"https:\/\/itnetworks.gr\/a-propos-de-nous\/"},"modified":"2025-07-26T02:06:31","modified_gmt":"2025-07-25T23:06:31","slug":"a-propos-de-nous","status":"publish","type":"page","link":"https:\/\/itnetworks.gr\/fr\/a-propos-de-nous\/","title":{"rendered":"\u00c0 propos de nous"},"content":{"rendered":"\t\t<div data-elementor-type=\"wp-page\" data-elementor-id=\"1489\" class=\"elementor elementor-1489 elementor-60\" data-elementor-post-type=\"page\">\n\t\t\t\t<div class=\"elementor-element elementor-element-ce9c39c e-flex e-con-boxed e-con e-parent\" data-id=\"ce9c39c\" data-element_type=\"container\" data-settings=\"{&quot;background_background&quot;:&quot;classic&quot;}\">\n\t\t\t\t\t<div class=\"e-con-inner\">\n\t\t\t\t<div class=\"elementor-element elementor-element-c740d28 elementor-widget elementor-widget-heading\" data-id=\"c740d28\" data-element_type=\"widget\" data-widget_type=\"heading.default\">\n\t\t\t\t<div class=\"elementor-widget-container\">\n\t\t\t\t\t<h1 class=\"elementor-heading-title elementor-size-default\">UN NOUVEAU JOUR POUR\n<br>IT TECHNOLOGIES !<\/h1>\t\t\t\t<\/div>\n\t\t\t\t<\/div>\n\t\t\t\t\t<\/div>\n\t\t\t\t<\/div>\n\t\t<div class=\"elementor-element elementor-element-fa306d1 e-flex e-con-boxed e-con e-parent\" data-id=\"fa306d1\" data-element_type=\"container\" data-settings=\"{&quot;background_background&quot;:&quot;classic&quot;}\">\n\t\t\t\t\t<div class=\"e-con-inner\">\n\t\t\t\t<div class=\"elementor-element elementor-element-0b672f6 elementor-widget elementor-widget-heading\" data-id=\"0b672f6\" data-element_type=\"widget\" data-widget_type=\"heading.default\">\n\t\t\t\t<div class=\"elementor-widget-container\">\n\t\t\t\t\t<h2 class=\"elementor-heading-title elementor-size-default\">Bienvenue chez ITN Networks !\n<\/h2>\t\t\t\t<\/div>\n\t\t\t\t<\/div>\n\t\t\t\t<div class=\"elementor-element elementor-element-e53e782 elementor-widget elementor-widget-text-editor\" data-id=\"e53e782\" data-element_type=\"widget\" data-widget_type=\"text-editor.default\">\n\t\t\t\t<div class=\"elementor-widget-container\">\n\t\t\t\t\t\t\t\t\t<p><span style=\"font-weight: 400;\">ITNetworks, avec <\/span><b>27 ans <\/b><span style=\"font-weight: 400;\">de pr\u00e9sence dynamique sur le march\u00e9 grec , offre des services informatiques int\u00e9gr\u00e9s et sp\u00e9cialis\u00e9s.<\/span><\/p><p><span style=\"font-weight: 400;\">Notre objectif est de <\/span><b>r\u00e9duire les co\u00fbts <\/b><span style=\"font-weight: 400;\">de votre entreprise et d&#8217; accro\u00eetre votre comp\u00e9titivit\u00e9 gr\u00e2ce \u00e0 des solutions innovantes.<\/span><\/p><p><span style=\"font-weight: 400;\">Avec nous, vous pouvez \u00eatre <\/span><b>confiant<\/b><span style=\"font-weight: 400;\"> , car nous pensons comme des clients en vous proposant le paquet de services qui r\u00e9pond \u00e0 vos besoins , \u00e0 votre taille et \u00e0 votre budget .<\/span><\/p><p><span style=\"font-weight: 400;\"> Notreobjectif est de vous aider \u00e0 faire ressortir vos points forts , afin d&#8217; <\/span><b> am\u00e9liorer votre vieprofessionnelle au quotidien<\/b><span style=\"font-weight: 400;\">.<\/span><\/p><p><span style=\"font-weight: 400;\">En vue de la s\u00e9curit\u00e9 et de la protection des donn\u00e9es que nous g\u00e9rons, pour assurer la pleine satisfaction des exigences de nos clients et l &#8216; am\u00e9lioration continue de la qualit\u00e9 des services et des op\u00e9rations de notre entreprise,<\/span><\/p><p><b>Nous sommes certifi\u00e9s ISO 27001 et 9001<\/b><span style=\"font-weight: 400;\">.<\/span><\/p><p><b>L&#8217;avenir&#8230; nous inspire !<\/b><\/p><p><span style=\"font-weight: 400;\">N&#8217;ayez pas peur de renoncer au bien pour atteindre l&#8217;excellence.<\/span><\/p><p><b>John D. Rockefeller<\/b><\/p>\t\t\t\t\t\t\t\t<\/div>\n\t\t\t\t<\/div>\n\t\t\t\t\t<\/div>\n\t\t\t\t<\/div>\n\t\t\t\t<\/div>\n\t\t","protected":false},"excerpt":{"rendered":"<p>UN NOUVEAU JOUR POUR IT TECHNOLOGIES ! Bienvenue chez ITN Networks ! ITNetworks, avec 27 ans de pr\u00e9sence dynamique sur le march\u00e9 grec , offre des services informatiques int\u00e9gr\u00e9s et sp\u00e9cialis\u00e9s. Notre objectif est de r\u00e9duire les co\u00fbts de votre entreprise et d&#8217; accro\u00eetre votre comp\u00e9titivit\u00e9 gr\u00e2ce \u00e0 des solutions innovantes. Avec nous, vous pouvez [&hellip;]<\/p>\n","protected":false},"author":1,"featured_media":0,"parent":0,"menu_order":0,"comment_status":"closed","ping_status":"closed","template":"","meta":{"_acf_changed":false,"inline_featured_image":false,"footnotes":""},"class_list":["post-1489","page","type-page","status-publish","hentry"],"acf":[],"_links":{"self":[{"href":"https:\/\/itnetworks.gr\/fr\/wp-json\/wp\/v2\/pages\/1489","targetHints":{"allow":["GET"]}}],"collection":[{"href":"https:\/\/itnetworks.gr\/fr\/wp-json\/wp\/v2\/pages"}],"about":[{"href":"https:\/\/itnetworks.gr\/fr\/wp-json\/wp\/v2\/types\/page"}],"author":[{"embeddable":true,"href":"https:\/\/itnetworks.gr\/fr\/wp-json\/wp\/v2\/users\/1"}],"replies":[{"embeddable":true,"href":"https:\/\/itnetworks.gr\/fr\/wp-json\/wp\/v2\/comments?post=1489"}],"version-history":[{"count":0,"href":"https:\/\/itnetworks.gr\/fr\/wp-json\/wp\/v2\/pages\/1489\/revisions"}],"wp:attachment":[{"href":"https:\/\/itnetworks.gr\/fr\/wp-json\/wp\/v2\/media?parent=1489"}],"curies":[{"name":"wp","href":"https:\/\/api.w.org\/{rel}","templated":true}]}}