{"id":1483,"date":"2025-04-01T08:16:20","date_gmt":"2025-04-01T05:16:20","guid":{"rendered":"https:\/\/itnetworks.gr\/politique-de-confidentialite\/"},"modified":"2025-07-26T02:04:56","modified_gmt":"2025-07-25T23:04:56","slug":"politique-de-confidentialite","status":"publish","type":"page","link":"https:\/\/itnetworks.gr\/fr\/politique-de-confidentialite\/","title":{"rendered":"Politique de confidentialit\u00e9"},"content":{"rendered":"\t\t<div data-elementor-type=\"wp-page\" data-elementor-id=\"1483\" class=\"elementor elementor-1483 elementor-3\" data-elementor-post-type=\"page\">\n\t\t\t\t<div class=\"elementor-element elementor-element-761caf1 e-flex e-con-boxed e-con e-parent\" data-id=\"761caf1\" data-element_type=\"container\" data-settings=\"{&quot;background_background&quot;:&quot;classic&quot;}\">\n\t\t\t\t\t<div class=\"e-con-inner\">\n\t\t\t\t<div class=\"elementor-element elementor-element-11e2c92 elementor-widget elementor-widget-heading\" data-id=\"11e2c92\" data-element_type=\"widget\" data-widget_type=\"heading.default\">\n\t\t\t\t<div class=\"elementor-widget-container\">\n\t\t\t\t\t<h1 class=\"elementor-heading-title elementor-size-default\">Politique de confidentialit\u00e9<\/h1>\t\t\t\t<\/div>\n\t\t\t\t<\/div>\n\t\t\t\t<div class=\"elementor-element elementor-element-6f9784d elementor-widget elementor-widget-text-editor\" data-id=\"6f9784d\" data-element_type=\"widget\" data-widget_type=\"text-editor.default\">\n\t\t\t\t<div class=\"elementor-widget-container\">\n\t\t\t\t\t\t\t\t\t<p>Depuis le 25.5.2018, le r\u00e8glement g\u00e9n\u00e9ral sur la protection des donn\u00e9es (UE) 2016\/679, \u00e9galement connu sous le nom de GDPR, s&#8217;applique, ce qui renforce le cadre de protection des personnes concern\u00e9es en ce qui concerne le traitement des donn\u00e9es \u00e0 caract\u00e8re personnel dans l&#8217;Union europ\u00e9enne. ITNETWORKS S.A. en ce qui concerne les donn\u00e9es personnelles se conforme au GDPR dans le contexte de son activit\u00e9 et de sa finalit\u00e9 et prend les mesures techniques et organisationnelles pr\u00e9vues et disponibles comme pr\u00e9vu dans le GDPR et la l\u00e9gislation grecque par extension.<\/p><p><strong>Responsable du traitement \u2013 Coordonn\u00e9es<\/strong><\/p><p>ITNETWORKS S.A. est le responsable du traitement dont les coordonn\u00e9es sont les suivantes:<\/p><figure class=\"wp-block-table\"><table><tbody><tr><td>Adresse:<\/td><td>3, Kleious, 17343, Agios Dimitrios<\/td><\/tr><tr><td>T\u00e9l\u00e9phone:<\/td><td>211 7107300<\/td><\/tr><tr><td>Email:<\/td><td><a href=\"about:blank\">info@itnetworks.gr<\/a><\/td><\/tr><\/tbody><\/table><\/figure><p><strong>Quelles<\/strong><strong> sont les donn\u00e9es personnelles qui sont collect\u00e9es \u00e0 mon sujet et comment ?<\/strong><\/p><p>Les donn\u00e9es personnelles qu&#8217;ITNETWORKS S.A. collecte et traite sont limit\u00e9es et au cas par cas, uniquement celles qui sont n\u00e9cessaires \u00e0 chaque fois pour une finalit\u00e9 sp\u00e9cifique et clairement d\u00e9finie et la base l\u00e9gale sp\u00e9cifique, telle que l&#8217;ex\u00e9cution de contrats commerciaux avec des clients\/fournisseurs.<\/p><p>Notre objectif est de vous fournir le meilleur service personnalis\u00e9 et de vous informer sur les nouveaux produits et services qui r\u00e9pondent \u00e0 vos besoins.<\/p><p>Dans ce contexte, le traitement concerne les donn\u00e9es \u00e0 caract\u00e8re personnel que vous fournissez \u00e0 ITNETWORKS S.A. en temps r\u00e9el et interactif lorsque vous utilisez nos sites web officiels, nos produits ou services ou que vous interagissez avec nous, par exemple en cr\u00e9ant un compte dans la base de donn\u00e9es https:\/\/my.itnetworks.gr ou en nous contactant ou en postulant \u00e0 un emploi.<\/p><p>Les donn\u00e9es personnelles que vous nous fournissez comprennent des donn\u00e9es qui d\u00e9pendent de la mani\u00e8re dont vous interagissez avec ITNETWORKS S. A., par exemple le site Web que vous visitez ou les services que vous utilisez, et qui sont absolument n\u00e9cessaires pour toute relation transactionnelle ou contractuelle avec notre soci\u00e9t\u00e9, comme par exemple :<\/p><ul><li>Donn\u00e9es d&#8217; identification et d\u00e9mographiques (nom, pr\u00e9nom, num\u00e9ro d&#8217;identification, num\u00e9ro de passeport)<\/li><li>Coordonn\u00e9es (adresse postale, num\u00e9ros de t\u00e9l\u00e9phone fixe et mobile, adresse \u00e9lectronique).<\/li><\/ul><p>Dans les cas o\u00f9 le traitement est bas\u00e9 sur l&#8217;obtention du consentement, ITNETWORKS S.A. suit les proc\u00e9dures pr\u00e9vues par la loi pour l&#8217;obtention du consentement.<\/p><p>En cr\u00e9ant un compte d&#8217;utilisateur, vous avez la possibilit\u00e9 de consentir \u00e0 ce que nous puissions \u00e9galement obtenir des donn\u00e9es en enregistrant la mani\u00e8re dont vous interagissez avec nos sites web, nos produits ou nos services. Ces donn\u00e9es concernent : <\/p><ul><li>des cookies qui facilitent l&#8217; acc\u00e8s et l&#8217; utilisation de services et\/ou de pages sp\u00e9cifiques de notre site web.<\/li><\/ul><p><strong>\u00c0 quelles fins le traitement est-il effectu\u00e9 et quelle est sa base juridique ?<\/strong><\/p><p>Les donn\u00e9es \u00e0 caract\u00e8re personnel sont collect\u00e9es conform\u00e9ment au GDPR et \u00e0 la l\u00e9gislation applicable, soit au d\u00e9but de votre relation avec ITNETWORKS , soit ult\u00e9rieurement , et sont trait\u00e9es sur une base l\u00e9gale:<\/p><ul><li>Votre consentement, lorsque cela est n\u00e9cessaire<\/li><li>L&#8217;ex\u00e9cution d&#8217;un contrat entre nous<\/li><li>Le respect de nos obligations l\u00e9gales<\/li><li>La sauvegarde d&#8217;un int\u00e9r\u00eat vital<\/li><li>L&#8217;accomplissement d&#8217;une mission d&#8217;int\u00e9r\u00eat public<\/li><li>La sauvegarde de nos int\u00e9r\u00eats l\u00e9gitimes<\/li><\/ul><p>ITNETWORKS E.E. peut traiter vos donn\u00e9es \u00e0 caract\u00e8re personnel aux fins suivantes sur une base juridique:<\/p><p><em>1. Avec votre consentement :<\/em><\/p><ul><li>Identification et contact avec vous si vous avez rempli les formulaires disponibles sur le site web.<\/li><\/ul><p><em>2. Pour l&#8217;ex\u00e9cution du contrat ou la proc\u00e9dure pr\u00e9contractuelle :<\/em><\/p><ul><li>Traitement de donn\u00e9es \u00e0 caract\u00e8re personnel n\u00e9cessaires conform\u00e9ment \u00e0 des conditions contractuelles sp\u00e9cifiques et avec le consentement du contractant &#8211; Traitement pour l&#8217;ex\u00e9cution d&#8217;une obligation l\u00e9gale.<\/li><\/ul><p><em>3. Dans le cadre de l&#8217; annonce de l &#8216; entreprise pour susciter l&#8217;int\u00e9r\u00eat pour les emplois dans notre entreprise:<\/em><\/p><ul><li>Nous contacter au sujet d&#8217; un emploi pour lequel vous avez manifest\u00e9 de l&#8217; int\u00e9r\u00eat ou si vous avez accept\u00e9 que nous conservions votre CV pour un emploi correspondant \u00e0 votre profil.<\/li><\/ul><p><em>4. Pour remplir nos obligations l\u00e9gales :<\/em><\/p><ul><li>remplir les obligations impos\u00e9es par la l\u00e9gislation applicable \u00e0 nos clients et \u00e0 notre personnel.<\/li><li>L&#8217;ex\u00e9cution de nos obligations conform\u00e9ment \u00e0 la l\u00e9gislation applicable \u00e0 l&#8217;\u00e9gard des autorit\u00e9s et des organismes publics (autorit\u00e9s de contr\u00f4le, ind\u00e9pendants, de police, judiciaires).<\/li><\/ul><p><em>5. Pour des raisons d&#8217;int\u00e9r\u00eat l\u00e9gitime :<\/em><\/p><ul><li>Promouvoir aupr\u00e8s de vous nos nouveaux produits et services et aupr\u00e8s de nouveaux clients lorsque leur consentement appropri\u00e9 a \u00e9t\u00e9 obtenu.<\/li><li>D\u00e9velopper et am\u00e9liorer nos services et\/ou produits en fonction de vos activit\u00e9s transactionnelles et de vos int\u00e9r\u00eats.<\/li><li>Gestion de vos r\u00e9clamations.<\/li><li>Gestion des risques de d\u00e9faillance dans le cadre des contrats de donateurs.<\/li><li>Pr\u00e9vention des activit\u00e9s ill\u00e9gales et s\u00e9curit\u00e9 des clients, des visiteurs et du personnel, y compris un syst\u00e8me de vid\u00e9osurveillance fonctionnant conform\u00e9ment \u00e0 la l\u00e9gislation applicable.<\/li><li>Protection et s\u00e9curit\u00e9 des syst\u00e8mes informatiques.<\/li><\/ul><p><strong>Qui sont les destinataires de mes donn\u00e9es personnelles ?<\/strong><\/p><p>Les employ\u00e9s d&#8217;ITNETWORKS S.A. qui sont responsables de la gestion et du fonctionnement du contrat ou de la relation transactionnelle du client ou de l&#8217;employ\u00e9 avec ITNETWORKS S.A., de l&#8217;ex\u00e9cution des obligations qui en d\u00e9coulent ainsi que des obligations pertinentes impos\u00e9es par la loi, qui doivent respecter le cadre juridique et s&#8217;engagent \u00e0 respecter la politique de s\u00e9curit\u00e9 de l&#8217;information d&#8217;ITNETWORKS S.A.<\/p><p>Dans ce contexte, les employ\u00e9s d &#8216; ITNETWORKS S.A. ont \u00e9galement acc\u00e8s \u00e0 vos donn\u00e9es \u00e0 caract\u00e8re personnel dans le cadre de l &#8216; ex\u00e9cution des t\u00e2ches qui leur sont assign\u00e9es en tant que responsable du traitement et conform\u00e9ment au GDPR.<\/p><p>ITNETWORKS S.A. a l &#8216;obligation ou le droit de divulguer vos donn\u00e9es personnelles \u00e0 divers destinataires tiers tels que :<\/p><ul><li>Organismes d&#8217;assurance, organisations publiques, chambres de commerce et entreprises publiques.<\/li><li>Supervision, ind\u00e9pendance, police, justice et, d&#8217;une mani\u00e8re g\u00e9n\u00e9rale, autorit\u00e9s publiques dans le cadre de leurs comp\u00e9tences (telles que la Commission hell\u00e9nique de la concurrence, la police financi\u00e8re, le registre foncier, les tribunaux, les autorit\u00e9s charg\u00e9es des poursuites, etc.)<\/li><\/ul><p><strong>Combien de temps mes donn\u00e9es sont-elles conserv\u00e9es ?<\/strong><\/p><p>ITNETWORKS E.E. ne conserve vos donn\u00e9es \u00e0 caract\u00e8re personnel que pour la dur\u00e9e n\u00e9cessaire aux finalit\u00e9s du traitement. Toutefois, elle doit conserver les donn\u00e9es \u00e0 caract\u00e8re personnel pendant une dur\u00e9e d\u00e9termin\u00e9e par le cadre l\u00e9gal et r\u00e9glementaire applicable. <\/p><ul><li>Dans le cas d&#8217;un contrat, les donn\u00e9es \u00e0 caract\u00e8re personnel sont conserv\u00e9es pendant une p\u00e9riode maximale de dix (10) ans apr\u00e8s l&#8217;expiration du contrat. Si une proc\u00e9dure judiciaire concernant ce contrat est en cours, la p\u00e9riode de conservation est prolong\u00e9e au-del\u00e0 de dix ans jusqu&#8217;\u00e0 ce qu&#8217;une d\u00e9cision de justice d\u00e9finitive soit rendue. <\/li><li>Les demandes rejet\u00e9es (pas de contrat sign\u00e9 ) seront conserv\u00e9es pendant deux (2) ans.<\/li><\/ul><p><strong>Que sont les <\/strong><strong>cookies<\/strong><strong> et pourquoi ITNETWORKS E.E. les collecte-t-elle<\/strong> <strong>?<\/strong><\/p><p>Pour garantir le bon fonctionnement de notre site web, nous pouvons parfois placer un petit \u00e9l\u00e9ment de donn\u00e9es appel\u00e9 &#8221; cookie&#8221; sur votre ordinateur ou votre appareil mobile. Un cookie est un fichier texte stock\u00e9 par un serveur web sur un ordinateur ou un appareil mobile. Le contenu d&#8217; un cookie ne peut \u00eatre r\u00e9cup\u00e9r\u00e9 ou lu que par le serveur qui a cr\u00e9\u00e9 le cookie . Le texte d&#8217; un cookie se compose souvent d &#8216; identifiants, de noms de sites et de certains chiffres et caract\u00e8res. Les cookies sont propres aux navigateurs ou aux applications mobiles que vous utilisez et permettent aux sites web de stocker des donn\u00e9es telles que vos pr\u00e9f\u00e9rences.    <\/p><p>ITNETWORKS S.A. utilise uniquement les cookies n\u00e9cessaires (Il est n\u00e9cessaire de visiter notre site web. Ces cookies ne reconnaissent pas votre identit\u00e9 individuelle. Sans ces cookies, nous ne pouvons pas assurer un fonctionnement efficace de notre site web. Conform\u00e9ment \u00e0 la loi, votre action n&#8217;est pas requise pour les accepter) et fonctionnels ( Ils garantissent une exp\u00e9rience de navigation plus personnalis\u00e9e. Ces cookies stockent vos pr\u00e9f\u00e9rences, ainsi que vos param\u00e8tres concernant les favoris. Si vous n&#8217;acceptez pas ces cookies, les performances et les fonctionnalit\u00e9s de notre site web peuvent \u00eatre affect\u00e9es et votre acc\u00e8s \u00e0 son contenu peut \u00eatre limit\u00e9).<\/p><p class=\"gdpr\"><strong>Informations sur les cookies<\/strong><\/p><p class=\"gdpr\">Si vous souhaitez obtenir de plus amples informations sur les cookies, leur utilisation et la mani\u00e8re dont ils s&#8217;appliquent \u00e0 l&#8217;utilisation de vos donn\u00e9es personnelles, veuillez consulter le site <a href=\"http:\/\/www.aboutcookies.org\/\" rel=\"nofollow noopener\" target=\"_blank\">http:\/\/www.aboutcookies.org<\/a>.<\/p><p><strong>Comment mes donn\u00e9es sont-elles prot\u00e9g\u00e9es ?<\/strong><\/p><p>Chez ITNETWORKS S.A., nous travaillons chaque jour pour garantir que les donn\u00e9es personnelles que nous recevons :<\/p><ul><li>Trait\u00e9es de mani\u00e8re licite et loyale , dans le respect de la transparence vis-\u00e0-vis de la personne concern\u00e9e.<\/li><li>Elles sont collect\u00e9es exclusivement \u00e0 des fins sp\u00e9cifiques et l\u00e9gitimes.<\/li><li>Elles sont ad\u00e9quates, pertinentes par rapport \u00e0 la finalit\u00e9 pour laquelle nous les collectons et limit\u00e9es \u00e0 ce qui est n\u00e9cessaire.<\/li><li>Ils sont pr\u00e9cis et \u00e0 jour.<\/li><li>Conserv\u00e9 exclusivement dans le cadre de la p\u00e9riode sp\u00e9cifi\u00e9e et pas plus longtemps<\/li><li>Trait\u00e9es de mani\u00e8re \u00e0 assurer la s\u00e9curit\u00e9 n\u00e9cessaire des donn\u00e9es \u00e0 caract\u00e8re personnel.<\/li><\/ul><p><strong>Quels sont mes droits ?<\/strong><\/p><p>Le client dispose des droits suivants :<\/p><p><em>Le droit d&#8217;acc\u00e8s<\/em><\/p><ul><li>Vous pouvez \u00e0 tout moment \u00eatre inform\u00e9 par nos soins des donn\u00e9es \u00e0 caract\u00e8re personnel que nous d\u00e9tenons et y avoir acc\u00e8s .<\/li><\/ul><p><em>Le droit \u00e0 la rectification des donn\u00e9es<\/em><\/p><ul><li>Vous avez la possibilit\u00e9 de nous contacter pour corriger des donn\u00e9es inexactes ou incompl\u00e8tes.<\/li><\/ul><p><em>Le \u00ab droit \u00e0 l&#8217;oubli \u00bb<\/em><\/p><ul><li>\u00c9tant donn\u00e9 qu&#8217;aucun cadre juridique ne nous oblige \u00e0 conserver les donn\u00e9es que nous d\u00e9tenons \u00e0 votre sujet, vous pouvez nous demander de les supprimer.<\/li><\/ul><p><em>Le droit \u00e0 la portabilit\u00e9 des donn\u00e9es<\/em><\/p><ul><li>Vous pouvez nous demander de transmettre vos donn\u00e9es \u00e0 un autre organisme.<\/li><\/ul><p><em>Le droit \u00e0 l&#8217;opposition et \u00e0 la limitation du traitement<\/em><\/p><ul><li>Si vous n&#8217;\u00eates pas d&#8217;accord avec la mani\u00e8re dont nous traitons vos donn\u00e9es personnelles, vous pouvez demander la cessation ou la restriction du traitement .<\/li><\/ul><p><em>Le droit de retirer son consentement<\/em><\/p><ul><li>Vous avez le droit de retirer votre consentement au traitement de vos donn\u00e9es \u00e0 tout moment.<\/li><\/ul><p>ITNETWORKS S.A. s&#8217;efforcera de r\u00e9pondre \u00e0 votre demande sans d\u00e9lai et, en tout \u00e9tat de cause, dans un d\u00e9lai d&#8217;un mois \u00e0 compter de la r\u00e9ception de la demande. Ce d\u00e9lai sera prolong\u00e9 de deux (2) mois suppl\u00e9mentaires si n\u00e9cessaire, en tenant compte de la complexit\u00e9 de la demande et du nombre de demandes. L&#8217;entreprise vous informera de cette prolongation dans un d\u00e9lai d&#8217;un mois \u00e0 compter de la r\u00e9ception de la demande et des raisons du retard. Si vous avez fait votre demande par voie \u00e9lectronique, les informations seront fournies, si possible, par voie \u00e9lectronique, \u00e0 moins que vous, en tant que personne concern\u00e9e, ne demandiez qu&#8217;il en soit autrement.<\/p><p>ITNETWORKS S.A. a en tout \u00e9tat de cause le droit de refuser d &#8216; acc\u00e9der \u00e0 votre demande de limitation du traitement ou de suppression de vos donn\u00e9es \u00e0 caract\u00e8re personnel si le traitement est n\u00e9cessaire \u00e0 la constatation, \u00e0 l&#8217;exercice ou au soutien de ses droits l\u00e9gitimes ou au respect de ses obligations.<\/p><p>Les services susmentionn\u00e9s sont fournis gratuitement. Toutefois, si vos demandes sont manifestement infond\u00e9es, excessives ou r\u00e9p\u00e9titives, l&#8217;entreprise peut soit imposer une redevance raisonnable, en vous en informant, soit refuser d&#8217;y r\u00e9pondre. <\/p><p><strong>Retrait du consentement<\/strong><\/p><p>Vous avez \u00e9galement le droit de retirer votre consentement \u00e0 tout moment. Le retrait de votre consentement n&#8217; affecte pas la l\u00e9galit\u00e9 du traitement fond\u00e9 sur celui-ci et effectu\u00e9 avant son retrait. <\/p><p><strong>Responsable de la protection des donn\u00e9es<\/strong><\/p><p>Si vous avez des questions concernant la protection de vos donn\u00e9es et vos droits, vous pouvez envoyer un e-mail \u00e0 <a href=\"about:blank\"><u>info<\/u><u>@<\/u><u>itnetworks<\/u><u>.<\/u><u>gr<\/u><\/a> ou adresser des documents \u00e0 l&#8217;adresse postale :<\/p><p>D\u00e9l\u00e9gu\u00e9 \u00e0 la protection des donn\u00e9es, 3 Kleious, 173 43 Agios Dimitrios. et nous y r\u00e9pondrons dans les meilleurs d\u00e9lais et au plus tard dans un d\u00e9lai d&#8217;un mois. <\/p><p><strong>Autorit\u00e9 charg\u00e9e de la protection des donn\u00e9es \u00e0 caract\u00e8re personnel<\/strong><\/p><p>Vous avez le droit d &#8216; introduire une r\u00e9clamation aupr\u00e8s de l&#8217; Autorit\u00e9 de protection des donn\u00e9es personnelles (<a href=\"about:blank\"><u>www<\/u><u>.<\/u><u>dpa<\/u><u>.<\/u><u>gr<\/u><\/a>), qui est l&#8217;autorit\u00e9 de contr\u00f4le charg\u00e9e de prot\u00e9ger les libert\u00e9s et droits fondamentaux des personnes physiques \u00e0 l &#8216; \u00e9gard du traitement des donn\u00e9es \u00e0 caract\u00e8re personnel de la personne concern\u00e9e, si vous estimez que vos droits sont viol\u00e9s de quelque mani\u00e8re que ce soit.<\/p><p>Nous vous encourageons \u00e0 consulter notre politique de confidentialit\u00e9 et de protection des donn\u00e9es en cliquant sur le lien <a href=\"about:blank\"><u>Politique de confidentialit\u00e9 et de protection des donn\u00e9es<\/u><\/a>.<\/p>\t\t\t\t\t\t\t\t<\/div>\n\t\t\t\t<\/div>\n\t\t\t\t\t<\/div>\n\t\t\t\t<\/div>\n\t\t\t\t<\/div>\n\t\t","protected":false},"excerpt":{"rendered":"<p>Depuis le 25.5.2018, le r\u00e8glement g\u00e9n\u00e9ral sur la protection des donn\u00e9es (UE) 2016\/679, \u00e9galement connu sous le nom de GDPR, s&#8217;applique, ce qui renforce le cadre de protection des personnes concern\u00e9es en ce qui concerne le traitement des donn\u00e9es \u00e0 caract\u00e8re personnel dans l&#8217;Union europ\u00e9enne. ITNETWORKS S.A. en ce qui concerne les donn\u00e9es personnelles se [&hellip;]<\/p>\n","protected":false},"author":1,"featured_media":0,"parent":0,"menu_order":0,"comment_status":"closed","ping_status":"open","template":"","meta":{"_acf_changed":false,"inline_featured_image":false,"footnotes":""},"class_list":["post-1483","page","type-page","status-publish","hentry"],"acf":[],"_links":{"self":[{"href":"https:\/\/itnetworks.gr\/fr\/wp-json\/wp\/v2\/pages\/1483","targetHints":{"allow":["GET"]}}],"collection":[{"href":"https:\/\/itnetworks.gr\/fr\/wp-json\/wp\/v2\/pages"}],"about":[{"href":"https:\/\/itnetworks.gr\/fr\/wp-json\/wp\/v2\/types\/page"}],"author":[{"embeddable":true,"href":"https:\/\/itnetworks.gr\/fr\/wp-json\/wp\/v2\/users\/1"}],"replies":[{"embeddable":true,"href":"https:\/\/itnetworks.gr\/fr\/wp-json\/wp\/v2\/comments?post=1483"}],"version-history":[{"count":0,"href":"https:\/\/itnetworks.gr\/fr\/wp-json\/wp\/v2\/pages\/1483\/revisions"}],"wp:attachment":[{"href":"https:\/\/itnetworks.gr\/fr\/wp-json\/wp\/v2\/media?parent=1483"}],"curies":[{"name":"wp","href":"https:\/\/api.w.org\/{rel}","templated":true}]}}