{"id":1463,"date":"2025-04-01T16:45:34","date_gmt":"2025-04-01T13:45:34","guid":{"rendered":"https:\/\/itnetworks.gr\/rejoignez-lequipe\/"},"modified":"2025-09-26T16:48:27","modified_gmt":"2025-09-26T13:48:27","slug":"rejoignez-lequipe","status":"publish","type":"page","link":"https:\/\/itnetworks.gr\/fr\/rejoignez-lequipe\/","title":{"rendered":"Rejoignez notre \u00e9quipe"},"content":{"rendered":"\t\t<div data-elementor-type=\"wp-page\" data-elementor-id=\"1463\" class=\"elementor elementor-1463 elementor-72\" data-elementor-post-type=\"page\">\n\t\t\t\t<div class=\"elementor-element elementor-element-02b8e81 e-flex e-con-boxed e-con e-parent\" data-id=\"02b8e81\" data-element_type=\"container\" data-settings=\"{&quot;background_background&quot;:&quot;classic&quot;}\">\n\t\t\t\t\t<div class=\"e-con-inner\">\n\t\t\t\t<div class=\"elementor-element elementor-element-2a41f75 elementor-widget elementor-widget-heading\" data-id=\"2a41f75\" data-element_type=\"widget\" data-widget_type=\"heading.default\">\n\t\t\t\t<div class=\"elementor-widget-container\">\n\t\t\t\t\t<h1 class=\"elementor-heading-title elementor-size-default\">DEVENEZ MEMBRE<br>DE NOTRE \u00c9QUIPE<\/h1>\t\t\t\t<\/div>\n\t\t\t\t<\/div>\n\t\t\t\t\t<\/div>\n\t\t\t\t<\/div>\n\t\t<div class=\"elementor-element elementor-element-f997cc0 e-flex e-con-boxed e-con e-parent\" data-id=\"f997cc0\" data-element_type=\"container\" data-settings=\"{&quot;background_background&quot;:&quot;classic&quot;}\">\n\t\t\t\t\t<div class=\"e-con-inner\">\n\t\t\t\t<div class=\"elementor-element elementor-element-563e7cf elementor-widget elementor-widget-heading\" data-id=\"563e7cf\" data-element_type=\"widget\" data-widget_type=\"heading.default\">\n\t\t\t\t<div class=\"elementor-widget-container\">\n\t\t\t\t\t<h2 class=\"elementor-heading-title elementor-size-default\">Bienvenue chez ITN Networks !\n<\/h2>\t\t\t\t<\/div>\n\t\t\t\t<\/div>\n\t\t\t\t<div class=\"elementor-element elementor-element-eb20448 elementor-widget elementor-widget-text-editor\" data-id=\"eb20448\" data-element_type=\"widget\" data-widget_type=\"text-editor.default\">\n\t\t\t\t<div class=\"elementor-widget-container\">\n\t\t\t\t\t\t\t\t\t<p><span style=\"font-weight: 400;\">ITNetworks, avec 27 ans de pr\u00e9sence dynamique sur le march\u00e9 grec , offre des services informatiques int\u00e9gr\u00e9s et sp\u00e9cialis\u00e9s.<\/span><\/p><p><span style=\"font-weight: 400;\">Notre objectif est de r\u00e9duire les co\u00fbts de votre entreprise et d&#8217; accro\u00eetre votre comp\u00e9titivit\u00e9 gr\u00e2ce \u00e0 des solutions innovantes.<\/span><\/p>\t\t\t\t\t\t\t\t<\/div>\n\t\t\t\t<\/div>\n\t\t\t\t<div class=\"elementor-element elementor-element-a51437b elementor-widget elementor-widget-heading\" data-id=\"a51437b\" data-element_type=\"widget\" data-widget_type=\"heading.default\">\n\t\t\t\t<div class=\"elementor-widget-container\">\n\t\t\t\t\t<h2 class=\"elementor-heading-title elementor-size-default\">\u0399\u03a4 Ing\u00e9nieur support<\/h2>\t\t\t\t<\/div>\n\t\t\t\t<\/div>\n\t\t<div class=\"elementor-element elementor-element-69348a9 e-con-full e-flex e-con e-child\" data-id=\"69348a9\" data-element_type=\"container\">\n\t\t\t\t<div class=\"elementor-element elementor-element-aa75656 elementor-widget elementor-widget-text-editor\" data-id=\"aa75656\" data-element_type=\"widget\" data-widget_type=\"text-editor.default\">\n\t\t\t\t<div class=\"elementor-widget-container\">\n\t\t\t\t\t\t\t\t\t<p><strong>Description du poste<\/strong><\/p><p><span lang=\"EL\">ITNetworks<\/span><span lang=\"EL\"> fournit, entre autres , des services de support technique (<\/span>support<span lang=\"EL\">) dans des entreprises et des organisations. Nous recherchons un  <\/span>Business Support System Engineer<span lang=\"EL\"> qui rejoindra notre \u00e9quipe pour prendre en charge la gestion technique et l&#8217;assistance de nos clients. Le candidat jouera un r\u00f4le cl\u00e9 en assurant la fonctionnalit\u00e9 de l&#8217;infrastructure du client, en mettant l&#8217;accent sur les syst\u00e8mes  <\/span>Microsoft<span lang=\"EL\"> , <\/span>Mikrotik<span lang=\"EL\"> et <\/span>Fortigate<span lang=\"EL\">.<\/span><\/p><p><strong>Principales responsabilit\u00e9s :<\/strong><\/p><ul><li><p style=\"font-weight: 400;\">Conception, installation et gestion de r\u00e9seaux et de syst\u00e8mes pour les clients.<\/p><\/li><li><p style=\"font-weight: 400;\">Surveillance, maintenance et am\u00e9lioration de l&#8217; infrastructure du r\u00e9seau et des syst\u00e8mes des clients.<\/p><\/li><li><p style=\"font-weight: 400;\">Mise en \u0153uvre des politiques de s\u00e9curit\u00e9 et gestion Firewall.<\/p><\/li><li><p style=\"font-weight: 400;\">D\u00e9veloppement de solutions de sauvegarde et de reprise apr\u00e8s sinistre pour les clients.<\/p><\/li><li><p style=\"font-weight: 400;\">Assistance sp\u00e9cialis\u00e9e pour les appareils et les solutions Mikrotik et Fortigate.<\/p><\/li><li><p style=\"font-weight: 400;\">Assistance aux utilisateurs de premier et deuxi\u00e8me niveaux et r\u00e9solution des probl\u00e8mes techniques \u00e0 distance.<\/p><\/li><li><p style=\"font-weight: 400;\">Collaborer avec l &#8216; \u00e9quipe pour optimiser les services que nous fournissons \u00e0 nos clients.<\/p><\/li><\/ul><p><strong>Qualifications requises :<\/strong><\/p><ul><li><p style=\"font-weight: 400;\">Dipl\u00f4me en informatique ou dans un domaine connexe.<\/p><\/li><li><p style=\"font-weight: 400;\">Au moins 3 ans d&#8217;exp\u00e9rience dans la gestion de syst\u00e8mes et de r\u00e9seaux.<\/p><\/li><li><p style=\"font-weight: 400;\">Connaissance et exp\u00e9rience suffisantes des syst\u00e8mes Mikrotik et Fortigate.<\/p><\/li><li><p style=\"font-weight: 400;\">Connaissances en mati\u00e8re de protocoles r\u00e9seau (TCP\/IP, DNS, DHCP, VPN).<\/p><\/li><li><p style=\"font-weight: 400;\">Exp\u00e9rience dans les environnements Microsoft (Windows Server, Active Directory).<\/p><\/li><li><p style=\"font-weight: 400;\">Capacit\u00e9 \u00e0 r\u00e9soudre les probl\u00e8mes et excellentes comp\u00e9tences en communication.<\/p><\/li><\/ul><p><strong>Qualifications souhait\u00e9es :<\/strong><\/p><ul><li><p style=\"font-weight: 400;\">Certifications Mikrotik (MTCNA, MTCRE)<\/p><\/li><li><p style=\"font-weight: 400;\">Certifications Fortinet (NSE).<\/p><\/li><li><p style=\"font-weight: 400;\">Certifications 3CX (Basic\/Advanced)<\/p><\/li><li><p style=\"font-weight: 400;\">Exp\u00e9rience avec les technologies cloud (Microsoft 365, Azure).<\/p><\/li><li><p style=\"font-weight: 400;\">Connaissances en automatisation (PowerShell, Ansible).<\/p><\/li><li><p style=\"font-weight: 400;\">Connaissances en Zabbix, Grafana<\/p><\/li><\/ul><p><strong>Nous offrons :<\/strong><\/p><ul><li><p style=\"font-weight: 400;\">R\u00e9mun\u00e9ration comp\u00e9titive.<\/p><\/li><li><p style=\"font-weight: 400;\">Formation continue et certifications dans les nouvelles technologies.<\/p><\/li><li><p style=\"font-weight: 400;\">Environnement de travail convivial ax\u00e9 sur le d\u00e9veloppement.<\/p><\/li><li><p style=\"font-weight: 400;\">Opportunit\u00e9 de travailler sur divers projets clients avec des infrastructures modernes.<\/p><\/li><li><p style=\"font-weight: 400;\">Assurance maladie priv\u00e9e<\/p><\/li><\/ul><p> <\/p><p style=\"font-weight: 400;\">Si vous \u00eates int\u00e9ress\u00e9(e), veuillez envoyer votre CV \u00e0 [cv@itnetworks.gr] avec pour objet&#8221;Business Support System Engineer&#8221;.<\/p>\t\t\t\t\t\t\t\t<\/div>\n\t\t\t\t<\/div>\n\t\t\t\t<div class=\"elementor-element elementor-element-e2dc0f3 elementor-widget elementor-widget-spacer\" data-id=\"e2dc0f3\" data-element_type=\"widget\" data-widget_type=\"spacer.default\">\n\t\t\t\t<div class=\"elementor-widget-container\">\n\t\t\t\t\t\t\t<div class=\"elementor-spacer\">\n\t\t\t<div class=\"elementor-spacer-inner\"><\/div>\n\t\t<\/div>\n\t\t\t\t\t\t<\/div>\n\t\t\t\t<\/div>\n\t\t\t\t<div class=\"elementor-element elementor-element-29c744d elementor-button-align-start elementor-widget elementor-widget-form\" data-id=\"29c744d\" data-element_type=\"widget\" data-settings=\"{&quot;step_next_label&quot;:&quot;Suivant&quot;,&quot;step_previous_label&quot;:&quot;Pr\\u00e9c\\u00e9dent&quot;,&quot;button_width&quot;:&quot;100&quot;,&quot;step_type&quot;:&quot;number_text&quot;,&quot;step_icon_shape&quot;:&quot;circle&quot;}\" data-widget_type=\"form.default\">\n\t\t\t\t<div class=\"elementor-widget-container\">\n\t\t\t\t\t\t\t<form class=\"elementor-form\" method=\"post\" name=\"Nouveau formulaire\" aria-label=\"Nouveau formulaire\">\n\t\t\t<input type=\"hidden\" name=\"post_id\" value=\"1463\"\/>\n\t\t\t<input type=\"hidden\" name=\"form_id\" value=\"29c744d\"\/>\n\t\t\t<input type=\"hidden\" name=\"referer_title\" value=\"Rejoignez notre \u00e9quipe - ITnetworks\" \/>\n\n\t\t\t\t\t\t\t<input type=\"hidden\" name=\"queried_id\" value=\"1463\"\/>\n\t\t\t\n\t\t\t<div class=\"elementor-form-fields-wrapper elementor-labels-\">\n\t\t\t\t\t\t\t\t<div class=\"elementor-field-type-text elementor-field-group elementor-column elementor-field-group-name elementor-col-100\">\n\t\t\t\t\t\t\t\t\t\t\t\t<label for=\"form-field-name\" class=\"elementor-field-label elementor-screen-only\">\n\t\t\t\t\t\t\t\tVotre nom*\t\t\t\t\t\t\t<\/label>\n\t\t\t\t\t\t\t\t\t\t\t\t\t\t<input size=\"1\" type=\"text\" name=\"form_fields[name]\" id=\"form-field-name\" class=\"elementor-field elementor-size-md  elementor-field-textual\" placeholder=\"Votre nom*\">\n\t\t\t\t\t\t\t\t\t\t\t<\/div>\n\t\t\t\t\t\t\t\t<div class=\"elementor-field-type-email elementor-field-group elementor-column elementor-field-group-email elementor-col-100 elementor-field-required\">\n\t\t\t\t\t\t\t\t\t\t\t\t<label for=\"form-field-email\" class=\"elementor-field-label elementor-screen-only\">\n\t\t\t\t\t\t\t\tVotre adresse e-mail*\t\t\t\t\t\t\t<\/label>\n\t\t\t\t\t\t\t\t\t\t\t\t\t\t<input size=\"1\" type=\"email\" name=\"form_fields[email]\" id=\"form-field-email\" class=\"elementor-field elementor-size-md  elementor-field-textual\" placeholder=\"Votre adresse e-mail*\" required=\"required\">\n\t\t\t\t\t\t\t\t\t\t\t<\/div>\n\t\t\t\t\t\t\t\t<div class=\"elementor-field-type-tel elementor-field-group elementor-column elementor-field-group-field_341d78f elementor-col-100 elementor-field-required\">\n\t\t\t\t\t\t\t\t\t\t\t\t<label for=\"form-field-field_341d78f\" class=\"elementor-field-label elementor-screen-only\">\n\t\t\t\t\t\t\t\tVotre num\u00e9ro de t\u00e9l\u00e9phone*\t\t\t\t\t\t\t<\/label>\n\t\t\t\t\t\t\t\t<input size=\"1\" type=\"tel\" name=\"form_fields[field_341d78f]\" id=\"form-field-field_341d78f\" class=\"elementor-field elementor-size-md  elementor-field-textual\" placeholder=\"Votre num\u00e9ro de t\u00e9l\u00e9phone*\" required=\"required\" pattern=\"[0-9()#&amp;+*-=.]+\" title=\"Only numbers and phone characters (#, -, *, etc) are accepted.\">\n\n\t\t\t\t\t\t<\/div>\n\t\t\t\t\t\t\t\t<div class=\"elementor-field-type-upload elementor-field-group elementor-column elementor-field-group-field_01567bd elementor-col-100 elementor-field-required\">\n\t\t\t\t\t\t\t\t\t\t\t\t<label for=\"form-field-field_01567bd\" class=\"elementor-field-label elementor-screen-only\">\n\t\t\t\t\t\t\t\tT\u00e9l\u00e9chargez votre CV\t\t\t\t\t\t\t<\/label>\n\t\t\t\t\t\t\t\t<input type=\"file\" name=\"form_fields[field_01567bd]\" id=\"form-field-field_01567bd\" class=\"elementor-field elementor-size-md  elementor-upload-field\" required=\"required\" data-maxsize=\"15\" data-maxsize-message=\"This file exceeds the maximum allowed size.\">\n\n\t\t\t\t\t\t<\/div>\n\t\t\t\t\t\t\t\t<div class=\"elementor-field-type-textarea elementor-field-group elementor-column elementor-field-group-message elementor-col-100 elementor-field-required\">\n\t\t\t\t\t\t\t\t\t\t\t\t<label for=\"form-field-message\" class=\"elementor-field-label elementor-screen-only\">\n\t\t\t\t\t\t\t\tVotre message*\t\t\t\t\t\t\t<\/label>\n\t\t\t\t\t\t<textarea class=\"elementor-field-textual elementor-field  elementor-size-md\" name=\"form_fields[message]\" id=\"form-field-message\" rows=\"10\" placeholder=\"Votre message*\" required=\"required\"><\/textarea>\t\t\t\t<\/div>\n\t\t\t\t\t\t\t\t<div class=\"elementor-field-group elementor-column elementor-field-type-submit elementor-col-100 e-form__buttons\">\n\t\t\t\t\t<button class=\"elementor-button elementor-size-sm\" type=\"submit\">\n\t\t\t\t\t\t<span class=\"elementor-button-content-wrapper\">\n\t\t\t\t\t\t\t\t\t\t\t\t\t\t\t\t\t\t\t\t\t\t<span class=\"elementor-button-text\">MISSION<\/span>\n\t\t\t\t\t\t\t\t\t\t\t\t\t<\/span>\n\t\t\t\t\t<\/button>\n\t\t\t\t<\/div>\n\t\t\t<\/div>\n\t\t<\/form>\n\t\t\t\t\t\t<\/div>\n\t\t\t\t<\/div>\n\t\t\t\t<\/div>\n\t\t\t\t\t<\/div>\n\t\t\t\t<\/div>\n\t\t\t\t<\/div>\n\t\t","protected":false},"excerpt":{"rendered":"<p>DEVENEZ MEMBREDE NOTRE \u00c9QUIPE Bienvenue chez ITN Networks ! ITNetworks, avec 27 ans de pr\u00e9sence dynamique sur le march\u00e9 grec , offre des services informatiques int\u00e9gr\u00e9s et sp\u00e9cialis\u00e9s. Notre objectif est de r\u00e9duire les co\u00fbts de votre entreprise et d&#8217; accro\u00eetre votre comp\u00e9titivit\u00e9 gr\u00e2ce \u00e0 des solutions innovantes. \u0399\u03a4 Ing\u00e9nieur support Description du poste ITNetworks [&hellip;]<\/p>\n","protected":false},"author":1,"featured_media":0,"parent":0,"menu_order":0,"comment_status":"closed","ping_status":"closed","template":"","meta":{"_acf_changed":false,"inline_featured_image":false,"footnotes":""},"class_list":["post-1463","page","type-page","status-publish","hentry"],"acf":[],"_links":{"self":[{"href":"https:\/\/itnetworks.gr\/fr\/wp-json\/wp\/v2\/pages\/1463","targetHints":{"allow":["GET"]}}],"collection":[{"href":"https:\/\/itnetworks.gr\/fr\/wp-json\/wp\/v2\/pages"}],"about":[{"href":"https:\/\/itnetworks.gr\/fr\/wp-json\/wp\/v2\/types\/page"}],"author":[{"embeddable":true,"href":"https:\/\/itnetworks.gr\/fr\/wp-json\/wp\/v2\/users\/1"}],"replies":[{"embeddable":true,"href":"https:\/\/itnetworks.gr\/fr\/wp-json\/wp\/v2\/comments?post=1463"}],"version-history":[{"count":0,"href":"https:\/\/itnetworks.gr\/fr\/wp-json\/wp\/v2\/pages\/1463\/revisions"}],"wp:attachment":[{"href":"https:\/\/itnetworks.gr\/fr\/wp-json\/wp\/v2\/media?parent=1463"}],"curies":[{"name":"wp","href":"https:\/\/api.w.org\/{rel}","templated":true}]}}